{"id":92,"date":"2026-03-21T01:57:55","date_gmt":"2026-03-21T01:57:55","guid":{"rendered":"https:\/\/aju.edu\/maas-center\/?page_id=92"},"modified":"2026-04-10T00:27:28","modified_gmt":"2026-04-10T00:27:28","slug":"financial-aid-tuition","status":"publish","type":"page","link":"https:\/\/aju.edu\/maas-center\/financial-aid-tuition\/","title":{"rendered":"Financial Aid &amp; Tuition"},"content":{"rendered":"<section class=\"section--hero heroBanner no-bg\"\n    aria-level=\"Financial Aid &amp;amp; Tuition\" id=\"\">\n\n                \n    <div class=\"container\">\n        <div class=\"heroBanner__content \">\n            <h2 class=\"text-display-1 text-aju-blue-3\">\n                Financial Aid &amp; Tuition\n            <\/h2>\n                                                                        <\/div>\n    <\/div>\n<\/section>\n\n\n\n<p>We offer payment plans for those who would prefer to pay over time. Scholarships are granted in certain cases only. Please email <a href=\"mailto:intro@aju.edu\">intro@aju.edu<\/a>.<\/p>\n\n\n<div class=\"tuition-shortcode\">\n            <div class=\"tuition-section mb-6\">\n\n                            <h3 class=\"text-body-1 font-bold text-aju-blue-3 mb-3\">\n                    Online Intro to Judaism Course (English)\n                <\/h3>\n            \n                                            <table class=\"tuition-table w-full text-body-2 text-aju-blue-3\">\n\n                                            <thead>\n                            <tr>\n                                                                    <th class=\"py-3 pr-6 text-left font-bold border-b border-aju-blue-3\/40\">\n                                        Title\n                                    <\/th>\n                                                                    <th class=\"py-3 pr-6 text-left font-bold border-b border-aju-blue-3\/40\">\n                                        Length of Program\n                                    <\/th>\n                                                                    <th class=\"py-3 pr-6 text-left font-bold border-b border-aju-blue-3\/40\">\n                                        Total Program Tuition\n                                    <\/th>\n                                                            <\/tr>\n                        <\/thead>\n                    \n                    <tbody>\n                                                    <tr class=\"border-t border-aju-blue-3\/20\">\n                                                                    <td class=\"py-3 pr-6\"\n                                        data-label=\"Title\">\n                                        Individual (1 seat)\n                                    <\/td>\n                                                                    <td class=\"py-3 pr-6\"\n                                        data-label=\"Length of Program\">\n                                        18 weeks\n                                    <\/td>\n                                                                    <td class=\"py-3 pr-6\"\n                                        data-label=\"Total Program Tuition\">\n                                        $530USD ($475 USD Early Bird)\n                                    <\/td>\n                                                            <\/tr>\n                                                    <tr class=\"border-t border-aju-blue-3\/20\">\n                                                                    <td class=\"py-3 pr-6\"\n                                        data-label=\"Title\">\n                                        Couple (2 seats)\n                                    <\/td>\n                                                                    <td class=\"py-3 pr-6\"\n                                        data-label=\"Length of Program\">\n                                        18 weeks\n                                    <\/td>\n                                                                    <td class=\"py-3 pr-6\"\n                                        data-label=\"Total Program Tuition\">\n                                        $730 USD ($650 USD Early Bird)\n                                    <\/td>\n                                                            <\/tr>\n                                            <\/tbody>\n\n                <\/table>\n            \n            \n        <\/div>\n            <div class=\"tuition-section mb-6\">\n\n                            <h3 class=\"text-body-1 font-bold text-aju-blue-3 mb-3\">\n                    En L\u00ednea Introducci\u00f3n al Juda\u00edsmo (Espa\u00f1ol)\n                <\/h3>\n            \n                                            <table class=\"tuition-table w-full text-body-2 text-aju-blue-3\">\n\n                                            <thead>\n                            <tr>\n                                                                    <th class=\"py-3 pr-6 text-left font-bold border-b border-aju-blue-3\/40\">\n                                        T\u00edtulo\n                                    <\/th>\n                                                                    <th class=\"py-3 pr-6 text-left font-bold border-b border-aju-blue-3\/40\">\n                                        Duraci\u00f3n del programa\n                                    <\/th>\n                                                                    <th class=\"py-3 pr-6 text-left font-bold border-b border-aju-blue-3\/40\">\n                                        Costo total del programa\n                                    <\/th>\n                                                            <\/tr>\n                        <\/thead>\n                    \n                    <tbody>\n                                                    <tr class=\"border-t border-aju-blue-3\/20\">\n                                                                    <td class=\"py-3 pr-6\"\n                                        data-label=\"T\u00edtulo\">\n                                        Individuo (1 plaza)\n                                    <\/td>\n                                                                    <td class=\"py-3 pr-6\"\n                                        data-label=\"Duraci\u00f3n del programa\">\n                                        18 semanas\n                                    <\/td>\n                                                                    <td class=\"py-3 pr-6\"\n                                        data-label=\"Costo total del programa\">\n                                        $530USD ($475 USD Entrada anticipada)\n                                    <\/td>\n                                                            <\/tr>\n                                                    <tr class=\"border-t border-aju-blue-3\/20\">\n                                                                    <td class=\"py-3 pr-6\"\n                                        data-label=\"T\u00edtulo\">\n                                        Una pareja (2 plazas)\n                                    <\/td>\n                                                                    <td class=\"py-3 pr-6\"\n                                        data-label=\"Duraci\u00f3n del programa\">\n                                        18 semanas\n                                    <\/td>\n                                                                    <td class=\"py-3 pr-6\"\n                                        data-label=\"Costo total del programa\">\n                                        $730 USD ($650 USD Entrada anticipada)\n                                    <\/td>\n                                                            <\/tr>\n                                            <\/tbody>\n\n                <\/table>\n            \n            \n        <\/div>\n    <\/div>\n\n\n\n\n<p><\/p>\n","protected":false},"excerpt":{"rendered":"<p>We offer payment plans for those who would prefer to pay over time. Scholarships are granted in certain cases only. Please email intro@aju.edu.<\/p>\n","protected":false},"author":2,"featured_media":0,"parent":0,"menu_order":0,"comment_status":"closed","ping_status":"closed","template":"template-text-left-sidebar.blade.php","meta":{"_acf_changed":false,"inline_featured_image":false,"footnotes":""},"class_list":["post-92","page","type-page","status-publish","hentry"],"acf":[],"_links":{"self":[{"href":"https:\/\/aju.edu\/maas-center\/wp-json\/wp\/v2\/pages\/92","targetHints":{"allow":["GET"]}}],"collection":[{"href":"https:\/\/aju.edu\/maas-center\/wp-json\/wp\/v2\/pages"}],"about":[{"href":"https:\/\/aju.edu\/maas-center\/wp-json\/wp\/v2\/types\/page"}],"author":[{"embeddable":true,"href":"https:\/\/aju.edu\/maas-center\/wp-json\/wp\/v2\/users\/2"}],"replies":[{"embeddable":true,"href":"https:\/\/aju.edu\/maas-center\/wp-json\/wp\/v2\/comments?post=92"}],"version-history":[{"count":2,"href":"https:\/\/aju.edu\/maas-center\/wp-json\/wp\/v2\/pages\/92\/revisions"}],"predecessor-version":[{"id":102,"href":"https:\/\/aju.edu\/maas-center\/wp-json\/wp\/v2\/pages\/92\/revisions\/102"}],"wp:attachment":[{"href":"https:\/\/aju.edu\/maas-center\/wp-json\/wp\/v2\/media?parent=92"}],"curies":[{"name":"wp","href":"https:\/\/api.w.org\/{rel}","templated":true}]}}